{"id":69,"date":"2021-10-09T11:07:49","date_gmt":"2021-10-09T10:07:49","guid":{"rendered":"https:\/\/physioheroes.ch\/?page_id=69"},"modified":"2022-02-19T11:27:38","modified_gmt":"2022-02-19T10:27:38","slug":"uber-mich","status":"publish","type":"page","link":"https:\/\/physioheroes.ch\/index.php\/uber-mich\/","title":{"rendered":"\u00dcber mich"},"content":{"rendered":"\n<div class=\"wp-block-media-text alignwide has-media-on-the-right is-stacked-on-mobile is-vertically-aligned-center\" style=\"grid-template-columns:auto 44%\"><figure class=\"wp-block-media-text__media\"><img loading=\"lazy\" width=\"1024\" height=\"681\" src=\"https:\/\/physioheroes.ch\/wp-content\/uploads\/2022\/01\/Portrait-1024x681.jpg\" alt=\"\" class=\"wp-image-492 size-full\" srcset=\"https:\/\/physioheroes.ch\/wp-content\/uploads\/2022\/01\/Portrait-1024x681.jpg 1024w, https:\/\/physioheroes.ch\/wp-content\/uploads\/2022\/01\/Portrait-300x200.jpg 300w, https:\/\/physioheroes.ch\/wp-content\/uploads\/2022\/01\/Portrait-768x511.jpg 768w, https:\/\/physioheroes.ch\/wp-content\/uploads\/2022\/01\/Portrait-1536x1022.jpg 1536w, https:\/\/physioheroes.ch\/wp-content\/uploads\/2022\/01\/Portrait-2048x1363.jpg 2048w, https:\/\/physioheroes.ch\/wp-content\/uploads\/2022\/01\/Portrait-1623x1080.jpg 1623w\" sizes=\"(max-width: 1024px) 100vw, 1024px\" \/><\/figure><div class=\"wp-block-media-text__content\">\n<blockquote class=\"wp-block-quote\"><p><\/p><p>Ich bin Rub\u00e9n Rodr\u00edguez und ich biete spezialisierte Kinderphysiotherapie f\u00fcr S\u00e4uglinge, Kinder und Jugendliche auf Deutsch, Franz\u00f6sisch, Englisch und Spanisch in Z\u00fcrich Wiedikon an.<\/p><\/blockquote>\n<\/div><\/div>\n\n\n\n<div style=\"height:36px\" aria-hidden=\"true\" class=\"wp-block-spacer\"><\/div>\n\n\n\n<div class=\"wp-container-69e2f2d0487c7 wp-block-group alignfull is-style-default has-black-color has-white-background-color has-text-color has-background\"><div class=\"wp-block-group__inner-container\">\n<hr class=\"wp-block-separator has-text-color has-background has-cyan-bluish-gray-background-color has-cyan-bluish-gray-color is-style-wide\"\/>\n\n\n\n<div style=\"height:59px\" aria-hidden=\"true\" class=\"wp-block-spacer\"><\/div>\n\n\n\n<div class=\"wp-block-columns alignwide\">\n<div class=\"wp-block-column is-vertically-aligned-top\" style=\"flex-basis:100%\">\n<h3 class=\"has-text-align-left has-text-color\" id=\"meine-karriere\" style=\"color:#004e67\"><mark style=\"background-color:rgba(0, 0, 0, 0)\" class=\"has-inline-color has-black-color\">             <\/mark><strong><mark style=\"background-color:rgba(0, 0, 0, 0);color:#004e67\" class=\"has-inline-color\">Meine Karriere<\/mark><\/strong><\/h3>\n<\/div>\n<\/div>\n\n\n\n<ul class=\"has-white-color has-text-color\"><li><mark style=\"background-color:rgba(0, 0, 0, 0)\" class=\"has-inline-color has-black-color\">2021- Gr\u00fcndung Physioheroes, Birmensdorferstrasse 198, Z\u00fcrich.  <\/mark><\/li><li><mark style=\"background-color:rgba(0, 0, 0, 0)\" class=\"has-inline-color has-black-color\">2017-2021 &#8211; Physiotherapeut in der Kinder-Reha Schweiz des Kinderspital Z\u00fcrich.<\/mark><\/li><li><mark style=\"background-color:rgba(0, 0, 0, 0)\" class=\"has-inline-color has-black-color\">2015-2017 &#8211; Physiotherapeut in der Linik Lengg, in Z\u00fcrich.<\/mark><\/li><li><mark style=\"background-color:rgba(0, 0, 0, 0)\" class=\"has-inline-color has-black-color\">2013-2015 &#8211; Gr\u00fcndung meine eigene Praxis f\u00fcr Physiotherapie und Osteopathie Netter, in     Madrid, Spanien.<\/mark><\/li><li><mark style=\"background-color:rgba(0, 0, 0, 0)\" class=\"has-inline-color has-black-color\">2010 &#8211; 2013 &#8211; Physiotherapeut und Osteopath am Basilio Victoria Clinical Center, in Madrid, Spanien.<\/mark><\/li><li><mark style=\"background-color:rgba(0, 0, 0, 0)\" class=\"has-inline-color has-black-color\">2007- 2010 &#8211; Physiotherapeut am Cabinet Gambetta, Paris, Frankreich.<\/mark><\/li><li><mark style=\"background-color:rgba(0, 0, 0, 0)\" class=\"has-inline-color has-black-color\">2006 &#8211; 2007 &#8211; Physiotherapeut am H\u00f4pital Emile Roux, Paris, Frankreich.<\/mark><br><\/li><\/ul>\n\n\n\n<div style=\"height:36px\" aria-hidden=\"true\" class=\"wp-block-spacer\"><\/div>\n\n\n\n<div class=\"wp-block-columns\">\n<div class=\"wp-block-column is-vertically-aligned-top\" style=\"flex-basis:100%\">\n<h3 id=\"meine-ausbildung\"><strong><mark style=\"background-color:rgba(0, 0, 0, 0);color:#004e67\" class=\"has-inline-color\">Meine Ausbildung<\/mark><\/strong><\/h3>\n<\/div>\n<\/div>\n\n\n\n<ul class=\"has-white-color has-text-color\"><li><mark style=\"background-color:rgba(0, 0, 0, 0)\" class=\"has-inline-color has-black-color\">2002 &#8211; 2006 &#8211; B.A. in Physiotherapie an der Universit\u00e4t Rey Juan Carlos, Madrid, Spanien.<\/mark><\/li><li><mark style=\"background-color:rgba(0, 0, 0, 0)\" class=\"has-inline-color has-black-color\">2006 &#8211; 2011 &#8211; Zertifikat in Osteopathie (C.O.-Grad), Osteopathie-Schule Madrid (E.O.M.), Madrid, Spanien.<\/mark><\/li><li><mark style=\"background-color:rgba(0, 0, 0, 0)\" class=\"has-inline-color has-black-color\">2014 &#8211; D.O.- Grad in Osteopathie an der Osteopathie-Schule Madrid (E.O.M.), Madrid, Spanien (P\u00e4diatrie).<\/mark><\/li><\/ul>\n\n\n\n<div style=\"height:36px\" aria-hidden=\"true\" class=\"wp-block-spacer\"><\/div>\n\n\n\n<div class=\"wp-block-columns\">\n<div class=\"wp-block-column is-vertically-aligned-top\" style=\"flex-basis:100%\">\n<h3 id=\"fachspezifische-ausbildung\"><strong><mark style=\"background-color:rgba(0, 0, 0, 0);color:#004e67\" class=\"has-inline-color\">Fachspezifische Ausbildung<\/mark><\/strong><\/h3>\n<\/div>\n<\/div>\n\n\n\n<ul class=\"has-white-color has-text-color\"><li><mark style=\"background-color:rgba(0, 0, 0, 0)\" class=\"has-inline-color has-black-color\">2017-2018 &#8211; Neurop\u00e4diatrie und Spezialisierung bei Kindern mit Zerebralparese nach Le M\u00e9tayer, Madrid, Spanien.<\/mark><\/li><li><mark style=\"background-color:rgba(0, 0, 0, 0)\" class=\"has-inline-color has-black-color\">2018 &#8211; Redressionsbehandlung (serielles Gipsen) im Gesamtkonzept des Spastiktherapie, Burgau, Deutschland.<\/mark><\/li><li><mark style=\"background-color:rgba(0, 0, 0, 0)\" class=\"has-inline-color has-black-color\">2017 &#8211; Physiotherapie in der P\u00e4diatrie: Bereich Neurologie (Einf\u00fcrungskurs Bobath, Vojta und Le M\u00e9tayer), Orthop\u00e4die und Atemtherapie. CIMT. Kinesiotaping f\u00fcr Kinder. Madrid, Spanien.<\/mark><\/li><li><mark style=\"background-color:rgba(0, 0, 0, 0)\" class=\"has-inline-color has-black-color\">2013 &#8211; P\u00e4diatrische Atemtherapie: Behandlung von Bonchiolitis, ASSAS Formation Continue, Paris, Frankreich.<\/mark><\/li><li><mark style=\"background-color:rgba(0, 0, 0, 0)\" class=\"has-inline-color has-black-color\">2006 &#8211; Fazientherapie. Manuelle Therapie, Fisioformacion, Madrid, Spanien<\/mark><\/li><\/ul>\n<\/div><\/div>\n","protected":false},"excerpt":{"rendered":"<p>Ich bin Rub\u00e9n Rodr\u00edguez und ich biete spezialisierte Kinderphysiotherapie f\u00fcr S\u00e4uglinge, Kinder und Jugendliche auf Deutsch, Franz\u00f6sisch, Englisch und Spanisch in Z\u00fcrich Wiedikon an. Meine Karriere 2021- Gr\u00fcndung Physioheroes, Birmensdorferstrasse 198, Z\u00fcrich. 2017-2021 &#8211; Physiotherapeut in der Kinder-Reha Schweiz des Kinderspital Z\u00fcrich. 2015-2017 &#8211; Physiotherapeut in der Linik Lengg, in Z\u00fcrich. 2013-2015 &#8211; Gr\u00fcndung meine&hellip; <br \/> <a class=\"read-more\" href=\"https:\/\/physioheroes.ch\/index.php\/uber-mich\/\">Leer m\u00e1s<\/a><\/p>\n","protected":false},"author":1,"featured_media":0,"parent":0,"menu_order":2,"comment_status":"closed","ping_status":"closed","template":"","meta":[],"_links":{"self":[{"href":"https:\/\/physioheroes.ch\/index.php\/wp-json\/wp\/v2\/pages\/69"}],"collection":[{"href":"https:\/\/physioheroes.ch\/index.php\/wp-json\/wp\/v2\/pages"}],"about":[{"href":"https:\/\/physioheroes.ch\/index.php\/wp-json\/wp\/v2\/types\/page"}],"author":[{"embeddable":true,"href":"https:\/\/physioheroes.ch\/index.php\/wp-json\/wp\/v2\/users\/1"}],"replies":[{"embeddable":true,"href":"https:\/\/physioheroes.ch\/index.php\/wp-json\/wp\/v2\/comments?post=69"}],"version-history":[{"count":142,"href":"https:\/\/physioheroes.ch\/index.php\/wp-json\/wp\/v2\/pages\/69\/revisions"}],"predecessor-version":[{"id":1114,"href":"https:\/\/physioheroes.ch\/index.php\/wp-json\/wp\/v2\/pages\/69\/revisions\/1114"}],"wp:attachment":[{"href":"https:\/\/physioheroes.ch\/index.php\/wp-json\/wp\/v2\/media?parent=69"}],"curies":[{"name":"wp","href":"https:\/\/api.w.org\/{rel}","templated":true}]}}