{"id":7,"date":"2021-10-02T15:37:37","date_gmt":"2021-10-02T14:37:37","guid":{"rendered":"http:\/\/physioheroes.ch\/?page_id=7"},"modified":"2022-02-19T10:15:53","modified_gmt":"2022-02-19T09:15:53","slug":"landing-page","status":"publish","type":"page","link":"https:\/\/physioheroes.ch\/","title":{"rendered":"Principal"},"content":{"rendered":"\n<p class=\"has-text-align-center\" id=\"hinten-jedem-kind-steht-ein-superheld-und-meine-aufgabe-ist-das-kind-und-seine-familie-zu-begleiten-um-die-grosstmogliche-selbstandigkeit-und-verbesserung-der-lebensqualitat-zu-erzielen\" style=\"font-size:16px\">Hinten jedem Kind steht ein Superheld und meine Aufgabe ist es, das Kind und seine Familie zu begleiten, um gr\u00f6sstm\u00f6gliche Selbst\u00e4ndigkeit und Verbesserung der Lebensqualit\u00e4t zu erreichen.<\/p>\n\n\n\n<div style=\"height:16px\" aria-hidden=\"true\" class=\"wp-block-spacer\"><\/div>\n\n\n\n<div class=\"wp-block-image is-style-rounded\"><figure class=\"aligncenter size-large is-resized\"><img loading=\"lazy\" src=\"https:\/\/physioheroes.ch\/wp-content\/uploads\/2022\/01\/steven-libralon-Do1GQljlNk8-unsplash-1024x576.jpg\" alt=\"Imagen ni\u00f1os disfrazados superheroes\" class=\"wp-image-677\" width=\"487\" height=\"273\" srcset=\"https:\/\/physioheroes.ch\/wp-content\/uploads\/2022\/01\/steven-libralon-Do1GQljlNk8-unsplash-1024x576.jpg 1024w, https:\/\/physioheroes.ch\/wp-content\/uploads\/2022\/01\/steven-libralon-Do1GQljlNk8-unsplash-300x169.jpg 300w, https:\/\/physioheroes.ch\/wp-content\/uploads\/2022\/01\/steven-libralon-Do1GQljlNk8-unsplash-768x432.jpg 768w, https:\/\/physioheroes.ch\/wp-content\/uploads\/2022\/01\/steven-libralon-Do1GQljlNk8-unsplash-1536x864.jpg 1536w, https:\/\/physioheroes.ch\/wp-content\/uploads\/2022\/01\/steven-libralon-Do1GQljlNk8-unsplash-2048x1152.jpg 2048w, https:\/\/physioheroes.ch\/wp-content\/uploads\/2022\/01\/steven-libralon-Do1GQljlNk8-unsplash-1920x1080.jpg 1920w\" sizes=\"(max-width: 487px) 100vw, 487px\" \/><\/figure><\/div>\n\n\n\n<div style=\"height:36px\" aria-hidden=\"true\" class=\"wp-block-spacer\"><\/div>\n\n\n\n<h3 class=\"has-text-align-left\" id=\"wie\"><mark style=\"background-color:rgba(0, 0, 0, 0);color:#004e67\" class=\"has-inline-color\"> Wie?<\/mark><\/h3>\n\n\n\n<div class=\"wp-block-media-text has-media-on-the-right is-stacked-on-mobile is-vertically-aligned-top alignwide is-style-default\" style=\"grid-template-columns:auto 32%\"><figure class=\"wp-block-media-text__media\"><img loading=\"lazy\" width=\"300\" height=\"279\" src=\"https:\/\/physioheroes.ch\/wp-content\/uploads\/2022\/01\/DSC_1058_raw-300x279.jpg\" alt=\"\" class=\"wp-image-824 size-medium\" srcset=\"https:\/\/physioheroes.ch\/wp-content\/uploads\/2022\/01\/DSC_1058_raw-300x279.jpg 300w, https:\/\/physioheroes.ch\/wp-content\/uploads\/2022\/01\/DSC_1058_raw-1024x954.jpg 1024w, https:\/\/physioheroes.ch\/wp-content\/uploads\/2022\/01\/DSC_1058_raw-768x715.jpg 768w, https:\/\/physioheroes.ch\/wp-content\/uploads\/2022\/01\/DSC_1058_raw-1536x1431.jpg 1536w, https:\/\/physioheroes.ch\/wp-content\/uploads\/2022\/01\/DSC_1058_raw-2048x1908.jpg 2048w, https:\/\/physioheroes.ch\/wp-content\/uploads\/2022\/01\/DSC_1058_raw-1159x1080.jpg 1159w\" sizes=\"(max-width: 300px) 100vw, 300px\" \/><\/figure><div class=\"wp-block-media-text__content\">\n<p class=\"has-text-align-left has-green-color has-dark-gray-background-color has-text-color has-background has-normal-font-size\" style=\"line-height:2\">Durch eine spielerische und therapeutische Umerziehung mit dem Ziel, dem Kind eine effizientere Art der Bewegung beizubringen. Damit dieses Lernen stattfinden kann, sind WIEDERHOLUNGEN, SPASS und MOTIVATION unerl\u00e4sslich. Deswegen gehe ich immer mit den Kindern einf\u00fchlsam, freundlichen und spassvoll um und baue eine vertrauensvolle und tragf\u00e4hige Beziehung zu Kind und Familie auf.<\/p>\n<\/div><\/div>\n\n\n\n<div style=\"height:64px\" aria-hidden=\"true\" class=\"wp-block-spacer\"><\/div>\n\n\n\n<hr class=\"wp-block-separator has-text-color has-background has-cyan-bluish-gray-background-color has-cyan-bluish-gray-color is-style-wide\"\/>\n\n\n\n<div style=\"height:64px\" aria-hidden=\"true\" class=\"wp-block-spacer\"><\/div>\n\n\n\n<div class=\"wp-block-cover is-light is-style-twentytwentyone-border\" style=\"min-height:208px\"><span aria-hidden=\"true\" class=\"has-background-dim-30 wp-block-cover__gradient-background has-background-dim\" style=\"background-color:#004e67\"><\/span><img loading=\"lazy\" width=\"2560\" height=\"2560\" class=\"wp-block-cover__image-background wp-image-79\" alt=\"\" src=\"https:\/\/physioheroes.ch\/wp-content\/uploads\/2021\/10\/pexels-mikhail-maslov-6902345-scaled.jpg\" style=\"object-position:55% 60%\" data-object-fit=\"cover\" data-object-position=\"55% 60%\" srcset=\"https:\/\/physioheroes.ch\/wp-content\/uploads\/2021\/10\/pexels-mikhail-maslov-6902345-scaled.jpg 2560w, https:\/\/physioheroes.ch\/wp-content\/uploads\/2021\/10\/pexels-mikhail-maslov-6902345-300x300.jpg 300w, https:\/\/physioheroes.ch\/wp-content\/uploads\/2021\/10\/pexels-mikhail-maslov-6902345-1024x1024.jpg 1024w, https:\/\/physioheroes.ch\/wp-content\/uploads\/2021\/10\/pexels-mikhail-maslov-6902345-150x150.jpg 150w, https:\/\/physioheroes.ch\/wp-content\/uploads\/2021\/10\/pexels-mikhail-maslov-6902345-768x768.jpg 768w, https:\/\/physioheroes.ch\/wp-content\/uploads\/2021\/10\/pexels-mikhail-maslov-6902345-1536x1536.jpg 1536w, https:\/\/physioheroes.ch\/wp-content\/uploads\/2021\/10\/pexels-mikhail-maslov-6902345-2048x2048.jpg 2048w, https:\/\/physioheroes.ch\/wp-content\/uploads\/2021\/10\/pexels-mikhail-maslov-6902345-1568x1568.jpg 1568w\" sizes=\"(max-width: 2560px) 100vw, 2560px\" \/><div class=\"wp-block-cover__inner-container\">\n<p class=\"has-text-align-center has-white-color has-text-color has-medium-font-size\"><strong>M\u00f6chten Sie mehr von Physio Heroes erfahren?<\/strong><\/p>\n\n\n\n<div class=\"wp-container-69eeed2fc3dff wp-block-buttons\">\n<div class=\"wp-block-button is-style-outline\"><a class=\"wp-block-button__link has-white-color has-text-color\" href=\"https:\/\/physioheroes.ch\/?page_id=71&amp;preview=true\">Therapien<\/a><\/div>\n\n\n\n<div class=\"wp-block-button is-style-outline\"><a class=\"wp-block-button__link has-white-color has-text-color\" href=\"https:\/\/physioheroes.ch\/?page_id=69&amp;preview=true\">\u00dcber Mich<\/a><\/div>\n<\/div>\n<\/div><\/div>\n\n\n\n<div style=\"height:100px\" aria-hidden=\"true\" class=\"wp-block-spacer\"><\/div>\n","protected":false},"excerpt":{"rendered":"<p>Hinten jedem Kind steht ein Superheld und meine Aufgabe ist es, das Kind und seine Familie zu begleiten, um gr\u00f6sstm\u00f6gliche Selbst\u00e4ndigkeit und Verbesserung der Lebensqualit\u00e4t zu erreichen. Wie? Durch eine spielerische und therapeutische Umerziehung mit dem Ziel, dem Kind eine effizientere Art der Bewegung beizubringen. Damit dieses Lernen stattfinden kann, sind WIEDERHOLUNGEN, SPASS und MOTIVATION&hellip; <br \/> <a class=\"read-more\" href=\"https:\/\/physioheroes.ch\/\">Leer m\u00e1s<\/a><\/p>\n","protected":false},"author":1,"featured_media":0,"parent":0,"menu_order":0,"comment_status":"closed","ping_status":"closed","template":"page-templates\/homepage.php","meta":[],"_links":{"self":[{"href":"https:\/\/physioheroes.ch\/index.php\/wp-json\/wp\/v2\/pages\/7"}],"collection":[{"href":"https:\/\/physioheroes.ch\/index.php\/wp-json\/wp\/v2\/pages"}],"about":[{"href":"https:\/\/physioheroes.ch\/index.php\/wp-json\/wp\/v2\/types\/page"}],"author":[{"embeddable":true,"href":"https:\/\/physioheroes.ch\/index.php\/wp-json\/wp\/v2\/users\/1"}],"replies":[{"embeddable":true,"href":"https:\/\/physioheroes.ch\/index.php\/wp-json\/wp\/v2\/comments?post=7"}],"version-history":[{"count":126,"href":"https:\/\/physioheroes.ch\/index.php\/wp-json\/wp\/v2\/pages\/7\/revisions"}],"predecessor-version":[{"id":1072,"href":"https:\/\/physioheroes.ch\/index.php\/wp-json\/wp\/v2\/pages\/7\/revisions\/1072"}],"wp:attachment":[{"href":"https:\/\/physioheroes.ch\/index.php\/wp-json\/wp\/v2\/media?parent=7"}],"curies":[{"name":"wp","href":"https:\/\/api.w.org\/{rel}","templated":true}]}}